{"id":412,"date":"2022-09-26T11:36:09","date_gmt":"2022-09-26T09:36:09","guid":{"rendered":"http:\/\/bialek-stomatologia.pl\/?page_id=412"},"modified":"2022-09-26T11:41:40","modified_gmt":"2022-09-26T09:41:40","slug":"zdjecia-panoramiczne-opg","status":"publish","type":"page","link":"https:\/\/bialek-stomatologia.pl\/?page_id=412","title":{"rendered":"Zdj\u0119cia panoramiczne OPG"},"content":{"rendered":"\t\t<div data-elementor-type=\"wp-post\" data-elementor-id=\"412\" class=\"elementor elementor-412\">\n\t\t\t\t\t\t\t\t\t<section class=\"elementor-section elementor-top-section elementor-element elementor-element-68b9013 elementor-section-boxed elementor-section-height-default elementor-section-height-default\" data-id=\"68b9013\" data-element_type=\"section\">\n\t\t\t\t\t\t<div class=\"elementor-container elementor-column-gap-default\">\n\t\t\t\t\t<div class=\"elementor-column elementor-col-50 elementor-top-column elementor-element elementor-element-e350b56\" data-id=\"e350b56\" data-element_type=\"column\">\n\t\t\t<div class=\"elementor-widget-wrap elementor-element-populated\">\n\t\t\t\t\t\t\t\t<div class=\"elementor-element elementor-element-6dd41c2 elementor-widget elementor-widget-text-editor\" data-id=\"6dd41c2\" data-element_type=\"widget\" data-widget_type=\"text-editor.default\">\n\t\t\t\t<div class=\"elementor-widget-container\">\n\t\t\t<style>\/*! elementor - v3.9.2 - 21-12-2022 *\/\n.elementor-widget-text-editor.elementor-drop-cap-view-stacked .elementor-drop-cap{background-color:#818a91;color:#fff}.elementor-widget-text-editor.elementor-drop-cap-view-framed .elementor-drop-cap{color:#818a91;border:3px solid;background-color:transparent}.elementor-widget-text-editor:not(.elementor-drop-cap-view-default) .elementor-drop-cap{margin-top:8px}.elementor-widget-text-editor:not(.elementor-drop-cap-view-default) .elementor-drop-cap-letter{width:1em;height:1em}.elementor-widget-text-editor .elementor-drop-cap{float:left;text-align:center;line-height:1;font-size:50px}.elementor-widget-text-editor .elementor-drop-cap-letter{display:inline-block}<\/style>\t\t\t\t<p>Gabinet jest wyposa\u017cony w aparat do zdj\u0119\u0107 <span style=\"text-decoration: underline;\">panoramicznych OPG<\/span>. Jest to bezpieczne, pomocne obrazowanie, ukazuj\u0105ce jednocze\u015bnie wszystkie z\u0119by pacjenta &#8211; r\u00f3wnie\u017c tzw. zatrzymane, niewyrzni\u0119te, ko\u015bci szcz\u0119ki, zatoki szcz\u0119kowe, \u017cuchw\u0119 i stawy skroniowo-\u017cuchwowe. Je\u015bli nie ma istotnych przeciwwskaza\u0144, ka\u017cdy Pacjent powinien mie\u0107 wykonane zdj\u0119cie OPG &#8211; jego wa\u017cno\u015b\u0107 ocenia si\u0119 na oko\u0142o 2 lata. Jest ono niezb\u0119dne do oceny stanu zdrowia wszystkich z\u0119b\u00f3w i przyz\u0119bia i jest podstawowym narz\u0119dziem diagnostycznym. Dzi\u0119ki takiemu post\u0119powaniu mo\u017cemy leczy\u0107 naszych Pacjent\u00f3w na najwy\u017cszym poziomie.<\/p>\t\t\t\t\t\t<\/div>\n\t\t\t\t<\/div>\n\t\t\t\t\t<\/div>\n\t\t<\/div>\n\t\t\t\t<div class=\"elementor-column elementor-col-50 elementor-top-column elementor-element elementor-element-11718fb\" data-id=\"11718fb\" data-element_type=\"column\">\n\t\t\t<div class=\"elementor-widget-wrap elementor-element-populated\">\n\t\t\t\t\t\t\t\t<div class=\"elementor-element elementor-element-55b81ca elementor-widget elementor-widget-image\" data-id=\"55b81ca\" data-element_type=\"widget\" data-widget_type=\"image.default\">\n\t\t\t\t<div class=\"elementor-widget-container\">\n\t\t\t<style>\/*! elementor - v3.9.2 - 21-12-2022 *\/\n.elementor-widget-image{text-align:center}.elementor-widget-image a{display:inline-block}.elementor-widget-image a img[src$=\".svg\"]{width:48px}.elementor-widget-image img{vertical-align:middle;display:inline-block}<\/style>\t\t\t\t\t\t\t\t\t\t\t\t<img width=\"840\" height=\"473\" src=\"https:\/\/bialek-stomatologia.pl\/wp-content\/uploads\/2022\/09\/opg-1024x576.jpg\" class=\"attachment-large size-large wp-image-414\" alt=\"\" loading=\"lazy\" srcset=\"https:\/\/bialek-stomatologia.pl\/wp-content\/uploads\/2022\/09\/opg-1024x576.jpg 1024w, https:\/\/bialek-stomatologia.pl\/wp-content\/uploads\/2022\/09\/opg-300x169.jpg 300w, https:\/\/bialek-stomatologia.pl\/wp-content\/uploads\/2022\/09\/opg-768x432.jpg 768w, https:\/\/bialek-stomatologia.pl\/wp-content\/uploads\/2022\/09\/opg.jpg 1600w\" sizes=\"(max-width: 840px) 100vw, 840px\" \/>\t\t\t\t\t\t\t\t\t\t\t\t\t\t\t<\/div>\n\t\t\t\t<\/div>\n\t\t\t\t\t<\/div>\n\t\t<\/div>\n\t\t\t\t\t\t\t<\/div>\n\t\t<\/section>\n\t\t\t\t<section class=\"elementor-section elementor-top-section elementor-element elementor-element-5a0df1d elementor-section-boxed elementor-section-height-default elementor-section-height-default\" data-id=\"5a0df1d\" data-element_type=\"section\">\n\t\t\t\t\t\t<div class=\"elementor-container elementor-column-gap-default\">\n\t\t\t\t\t<div class=\"elementor-column elementor-col-100 elementor-top-column elementor-element elementor-element-82dfaf3\" data-id=\"82dfaf3\" data-element_type=\"column\">\n\t\t\t<div class=\"elementor-widget-wrap elementor-element-populated\">\n\t\t\t\t\t\t\t\t<div class=\"elementor-element elementor-element-074c25b elementor-widget elementor-widget-image-gallery\" data-id=\"074c25b\" data-element_type=\"widget\" data-widget_type=\"image-gallery.default\">\n\t\t\t\t<div class=\"elementor-widget-container\">\n\t\t\t<style>\/*! elementor - v3.9.2 - 21-12-2022 *\/\n.elementor-image-gallery .gallery-item{display:inline-block;text-align:center;vertical-align:top;width:100%;max-width:100%;margin:0 auto}.elementor-image-gallery .gallery-item img{margin:0 auto}.elementor-image-gallery .gallery-item .gallery-caption{margin:0}.elementor-image-gallery figure img{display:block}.elementor-image-gallery figure figcaption{width:100%}.gallery-spacing-custom .elementor-image-gallery .gallery-icon{padding:0}@media (min-width:768px){.elementor-image-gallery .gallery-columns-2 .gallery-item{max-width:50%}.elementor-image-gallery .gallery-columns-3 .gallery-item{max-width:33.33%}.elementor-image-gallery .gallery-columns-4 .gallery-item{max-width:25%}.elementor-image-gallery .gallery-columns-5 .gallery-item{max-width:20%}.elementor-image-gallery .gallery-columns-6 .gallery-item{max-width:16.666%}.elementor-image-gallery .gallery-columns-7 .gallery-item{max-width:14.28%}.elementor-image-gallery .gallery-columns-8 .gallery-item{max-width:12.5%}.elementor-image-gallery .gallery-columns-9 .gallery-item{max-width:11.11%}.elementor-image-gallery .gallery-columns-10 .gallery-item{max-width:10%}}@media (min-width:480px) and (max-width:767px){.elementor-image-gallery .gallery.gallery-columns-2 .gallery-item,.elementor-image-gallery .gallery.gallery-columns-3 .gallery-item,.elementor-image-gallery .gallery.gallery-columns-4 .gallery-item,.elementor-image-gallery .gallery.gallery-columns-5 .gallery-item,.elementor-image-gallery .gallery.gallery-columns-6 .gallery-item,.elementor-image-gallery .gallery.gallery-columns-7 .gallery-item,.elementor-image-gallery .gallery.gallery-columns-8 .gallery-item,.elementor-image-gallery .gallery.gallery-columns-9 .gallery-item,.elementor-image-gallery .gallery.gallery-columns-10 .gallery-item{max-width:50%}}@media (max-width:479px){.elementor-image-gallery .gallery.gallery-columns-2 .gallery-item,.elementor-image-gallery .gallery.gallery-columns-3 .gallery-item,.elementor-image-gallery .gallery.gallery-columns-4 .gallery-item,.elementor-image-gallery .gallery.gallery-columns-5 .gallery-item,.elementor-image-gallery .gallery.gallery-columns-6 .gallery-item,.elementor-image-gallery .gallery.gallery-columns-7 .gallery-item,.elementor-image-gallery .gallery.gallery-columns-8 .gallery-item,.elementor-image-gallery .gallery.gallery-columns-9 .gallery-item,.elementor-image-gallery .gallery.gallery-columns-10 .gallery-item{max-width:100%}}<\/style>\t\t<div class=\"elementor-image-gallery\">\n\t\t\t<div id='gallery-1' class='gallery galleryid-412 gallery-columns-4 gallery-size-thumbnail'><figure class='gallery-item'>\n\t\t\t<div class='gallery-icon portrait'>\n\t\t\t\t<a data-elementor-open-lightbox=\"yes\" data-elementor-lightbox-slideshow=\"074c25b\" data-elementor-lightbox-title=\"RTG1-1\" e-action-hash=\"#elementor-action%3Aaction%3Dlightbox%26settings%3DeyJpZCI6NDE1LCJ1cmwiOiJodHRwczpcL1wvYmlhbGVrLXN0b21hdG9sb2dpYS5wbFwvd3AtY29udGVudFwvdXBsb2Fkc1wvMjAyMlwvMDlcL1JURzEtMS5qcGciLCJzbGlkZXNob3ciOiIwNzRjMjViIn0%3D\" href='https:\/\/bialek-stomatologia.pl\/wp-content\/uploads\/2022\/09\/RTG1-1.jpg'><img width=\"150\" height=\"150\" src=\"https:\/\/bialek-stomatologia.pl\/wp-content\/uploads\/2022\/09\/RTG1-1-150x150.jpg\" class=\"attachment-thumbnail size-thumbnail\" alt=\"\" loading=\"lazy\" \/><\/a>\n\t\t\t<\/div><\/figure><figure class='gallery-item'>\n\t\t\t<div class='gallery-icon portrait'>\n\t\t\t\t<a data-elementor-open-lightbox=\"yes\" data-elementor-lightbox-slideshow=\"074c25b\" data-elementor-lightbox-title=\"RTG2-1\" e-action-hash=\"#elementor-action%3Aaction%3Dlightbox%26settings%3DeyJpZCI6NDE2LCJ1cmwiOiJodHRwczpcL1wvYmlhbGVrLXN0b21hdG9sb2dpYS5wbFwvd3AtY29udGVudFwvdXBsb2Fkc1wvMjAyMlwvMDlcL1JURzItMS5qcGciLCJzbGlkZXNob3ciOiIwNzRjMjViIn0%3D\" href='https:\/\/bialek-stomatologia.pl\/wp-content\/uploads\/2022\/09\/RTG2-1.jpg'><img width=\"150\" height=\"150\" src=\"https:\/\/bialek-stomatologia.pl\/wp-content\/uploads\/2022\/09\/RTG2-1-150x150.jpg\" class=\"attachment-thumbnail size-thumbnail\" alt=\"\" loading=\"lazy\" \/><\/a>\n\t\t\t<\/div><\/figure>\n\t\t<\/div>\n\t\t<\/div>\n\t\t\t\t<\/div>\n\t\t\t\t<\/div>\n\t\t\t\t\t<\/div>\n\t\t<\/div>\n\t\t\t\t\t\t\t<\/div>\n\t\t<\/section>\n\t\t\t\t\t\t\t<\/div>\n\t\t","protected":false},"excerpt":{"rendered":"<p>Gabinet jest wyposa\u017cony w aparat do zdj\u0119\u0107 panoramicznych OPG. Jest to bezpieczne, pomocne obrazowanie, ukazuj\u0105ce jednocze\u015bnie wszystkie z\u0119by pacjenta &#8211; r\u00f3wnie\u017c tzw. zatrzymane, niewyrzni\u0119te, ko\u015bci szcz\u0119ki, zatoki szcz\u0119kowe, \u017cuchw\u0119 i stawy skroniowo-\u017cuchwowe. Je\u015bli nie ma istotnych przeciwwskaza\u0144, ka\u017cdy Pacjent powinien mie\u0107 wykonane zdj\u0119cie OPG &#8211; jego wa\u017cno\u015b\u0107 ocenia si\u0119 na oko\u0142o 2 lata. Jest ono &hellip; <\/p>\n<p class=\"link-more\"><a href=\"https:\/\/bialek-stomatologia.pl\/?page_id=412\" class=\"more-link\">Read More<span class=\"screen-reader-text\"> &#8222;Zdj\u0119cia panoramiczne OPG&#8221;<\/span><\/a><\/p>\n","protected":false},"author":1,"featured_media":0,"parent":63,"menu_order":0,"comment_status":"closed","ping_status":"closed","template":"","meta":[],"_links":{"self":[{"href":"https:\/\/bialek-stomatologia.pl\/index.php?rest_route=\/wp\/v2\/pages\/412"}],"collection":[{"href":"https:\/\/bialek-stomatologia.pl\/index.php?rest_route=\/wp\/v2\/pages"}],"about":[{"href":"https:\/\/bialek-stomatologia.pl\/index.php?rest_route=\/wp\/v2\/types\/page"}],"author":[{"embeddable":true,"href":"https:\/\/bialek-stomatologia.pl\/index.php?rest_route=\/wp\/v2\/users\/1"}],"replies":[{"embeddable":true,"href":"https:\/\/bialek-stomatologia.pl\/index.php?rest_route=%2Fwp%2Fv2%2Fcomments&post=412"}],"version-history":[{"count":3,"href":"https:\/\/bialek-stomatologia.pl\/index.php?rest_route=\/wp\/v2\/pages\/412\/revisions"}],"predecessor-version":[{"id":418,"href":"https:\/\/bialek-stomatologia.pl\/index.php?rest_route=\/wp\/v2\/pages\/412\/revisions\/418"}],"up":[{"embeddable":true,"href":"https:\/\/bialek-stomatologia.pl\/index.php?rest_route=\/wp\/v2\/pages\/63"}],"wp:attachment":[{"href":"https:\/\/bialek-stomatologia.pl\/index.php?rest_route=%2Fwp%2Fv2%2Fmedia&parent=412"}],"curies":[{"name":"wp","href":"https:\/\/api.w.org\/{rel}","templated":true}]}}