{"id":65,"date":"2018-03-28T16:24:08","date_gmt":"2018-03-28T14:24:08","guid":{"rendered":"http:\/\/bialek-stomatologia.pl\/?page_id=65"},"modified":"2022-11-08T22:18:39","modified_gmt":"2022-11-08T21:18:39","slug":"kontakt","status":"publish","type":"page","link":"https:\/\/bialek-stomatologia.pl\/?page_id=65","title":{"rendered":"Kontakt"},"content":{"rendered":"\t\t<div data-elementor-type=\"wp-post\" data-elementor-id=\"65\" class=\"elementor elementor-65\">\n\t\t\t\t\t\t\t\t\t<section class=\"elementor-section elementor-top-section elementor-element elementor-element-494a83d elementor-section-boxed elementor-section-height-default elementor-section-height-default\" data-id=\"494a83d\" data-element_type=\"section\">\n\t\t\t\t\t\t<div class=\"elementor-container elementor-column-gap-default\">\n\t\t\t\t\t<div class=\"elementor-column elementor-col-50 elementor-top-column elementor-element elementor-element-6837e03\" data-id=\"6837e03\" data-element_type=\"column\">\n\t\t\t<div class=\"elementor-widget-wrap elementor-element-populated\">\n\t\t\t\t\t\t\t\t<div class=\"elementor-element elementor-element-a697537 elementor-widget elementor-widget-text-editor\" data-id=\"a697537\" data-element_type=\"widget\" data-widget_type=\"text-editor.default\">\n\t\t\t\t<div class=\"elementor-widget-container\">\n\t\t\t<style>\/*! elementor - v3.9.2 - 21-12-2022 *\/\n.elementor-widget-text-editor.elementor-drop-cap-view-stacked .elementor-drop-cap{background-color:#818a91;color:#fff}.elementor-widget-text-editor.elementor-drop-cap-view-framed .elementor-drop-cap{color:#818a91;border:3px solid;background-color:transparent}.elementor-widget-text-editor:not(.elementor-drop-cap-view-default) .elementor-drop-cap{margin-top:8px}.elementor-widget-text-editor:not(.elementor-drop-cap-view-default) .elementor-drop-cap-letter{width:1em;height:1em}.elementor-widget-text-editor .elementor-drop-cap{float:left;text-align:center;line-height:1;font-size:50px}.elementor-widget-text-editor .elementor-drop-cap-letter{display:inline-block}<\/style>\t\t\t\t<h2 style=\"text-align: center;\">\u00a0HERBY, ul.Lubliniecka 23A\u00a0<\/h2><h2 style=\"text-align: center;\"><b>+48 34 3 574 930<\/b><\/h2>\t\t\t\t\t\t<\/div>\n\t\t\t\t<\/div>\n\t\t\t\t\t<\/div>\n\t\t<\/div>\n\t\t\t\t<div class=\"elementor-column elementor-col-50 elementor-top-column elementor-element elementor-element-61254e6\" data-id=\"61254e6\" data-element_type=\"column\">\n\t\t\t<div class=\"elementor-widget-wrap elementor-element-populated\">\n\t\t\t\t\t\t\t\t<div class=\"elementor-element elementor-element-e43f7ba elementor-widget elementor-widget-text-editor\" data-id=\"e43f7ba\" data-element_type=\"widget\" data-widget_type=\"text-editor.default\">\n\t\t\t\t<div class=\"elementor-widget-container\">\n\t\t\t\t\t\t\t<h2 style=\"text-align: center;\">\u00a0BLACHOWNIA, ul.Biega\u0144skiego 8\u00a0<\/h2><h2 style=\"text-align: center;\"><b>+48 34 3 270 483<\/b><\/h2>\t\t\t\t\t\t<\/div>\n\t\t\t\t<\/div>\n\t\t\t\t\t<\/div>\n\t\t<\/div>\n\t\t\t\t\t\t\t<\/div>\n\t\t<\/section>\n\t\t\t\t<section class=\"elementor-section elementor-top-section elementor-element elementor-element-6ac4c44 elementor-section-boxed elementor-section-height-default elementor-section-height-default\" data-id=\"6ac4c44\" data-element_type=\"section\">\n\t\t\t\t\t\t<div class=\"elementor-container elementor-column-gap-default\">\n\t\t\t\t\t<div class=\"elementor-column elementor-col-100 elementor-top-column elementor-element elementor-element-1b5fd77\" data-id=\"1b5fd77\" data-element_type=\"column\">\n\t\t\t<div class=\"elementor-widget-wrap elementor-element-populated\">\n\t\t\t\t\t\t\t\t<div class=\"elementor-element elementor-element-a0e09fa elementor-widget elementor-widget-text-editor\" data-id=\"a0e09fa\" data-element_type=\"widget\" data-widget_type=\"text-editor.default\">\n\t\t\t\t<div class=\"elementor-widget-container\">\n\t\t\t\t\t\t\t<p><b>Zapraszamy tak\u017ce na stron\u0119 <a href=\"http:\/\/www.bialekimplanty.pl\"><u><b>www.bialekimplanty.pl<\/b><\/u><\/a><u>,<\/u>\u00a0na kt\u00f3rej znajduj\u0105 si\u0119 zalecenia dla Pacjent\u00f3w po zabiegach chirurgicznych\/implantologicznych.<\/b><\/p>\t\t\t\t\t\t<\/div>\n\t\t\t\t<\/div>\n\t\t\t\t\t<\/div>\n\t\t<\/div>\n\t\t\t\t\t\t\t<\/div>\n\t\t<\/section>\n\t\t\t\t\t\t\t<\/div>\n\t\t","protected":false},"excerpt":{"rendered":"<p>\u00a0HERBY, ul.Lubliniecka 23A\u00a0 +48 34 3 574 930 \u00a0BLACHOWNIA, ul.Biega\u0144skiego 8\u00a0 +48 34 3 270 483 Zapraszamy tak\u017ce na stron\u0119 www.bialekimplanty.pl,\u00a0na kt\u00f3rej znajduj\u0105 si\u0119 zalecenia dla Pacjent\u00f3w po zabiegach chirurgicznych\/implantologicznych.<\/p>\n","protected":false},"author":1,"featured_media":0,"parent":0,"menu_order":0,"comment_status":"closed","ping_status":"closed","template":"","meta":[],"_links":{"self":[{"href":"https:\/\/bialek-stomatologia.pl\/index.php?rest_route=\/wp\/v2\/pages\/65"}],"collection":[{"href":"https:\/\/bialek-stomatologia.pl\/index.php?rest_route=\/wp\/v2\/pages"}],"about":[{"href":"https:\/\/bialek-stomatologia.pl\/index.php?rest_route=\/wp\/v2\/types\/page"}],"author":[{"embeddable":true,"href":"https:\/\/bialek-stomatologia.pl\/index.php?rest_route=\/wp\/v2\/users\/1"}],"replies":[{"embeddable":true,"href":"https:\/\/bialek-stomatologia.pl\/index.php?rest_route=%2Fwp%2Fv2%2Fcomments&post=65"}],"version-history":[{"count":14,"href":"https:\/\/bialek-stomatologia.pl\/index.php?rest_route=\/wp\/v2\/pages\/65\/revisions"}],"predecessor-version":[{"id":452,"href":"https:\/\/bialek-stomatologia.pl\/index.php?rest_route=\/wp\/v2\/pages\/65\/revisions\/452"}],"wp:attachment":[{"href":"https:\/\/bialek-stomatologia.pl\/index.php?rest_route=%2Fwp%2Fv2%2Fmedia&parent=65"}],"curies":[{"name":"wp","href":"https:\/\/api.w.org\/{rel}","templated":true}]}}