{"id":69,"date":"2018-03-28T16:24:08","date_gmt":"2018-03-28T14:24:08","guid":{"rendered":"http:\/\/bialek-stomatologia.pl\/?page_id=69"},"modified":"2026-02-09T21:42:00","modified_gmt":"2026-02-09T20:42:00","slug":"cennik","status":"publish","type":"page","link":"https:\/\/bialek-stomatologia.pl\/?page_id=69","title":{"rendered":"Cennik"},"content":{"rendered":"\t\t<div data-elementor-type=\"wp-post\" data-elementor-id=\"69\" class=\"elementor elementor-69\">\n\t\t\t\t\t\t\t\t\t<section class=\"elementor-section elementor-top-section elementor-element elementor-element-eb6be60 elementor-section-boxed elementor-section-height-default elementor-section-height-default\" data-id=\"eb6be60\" data-element_type=\"section\">\n\t\t\t\t\t\t<div class=\"elementor-container elementor-column-gap-default\">\n\t\t\t\t\t<div class=\"elementor-column elementor-col-100 elementor-top-column elementor-element elementor-element-7790827\" data-id=\"7790827\" data-element_type=\"column\">\n\t\t\t<div class=\"elementor-widget-wrap elementor-element-populated\">\n\t\t\t\t\t\t\t\t<div class=\"elementor-element elementor-element-9b44ea0 elementor-widget elementor-widget-text-editor\" data-id=\"9b44ea0\" data-element_type=\"widget\" data-widget_type=\"text-editor.default\">\n\t\t\t\t<div class=\"elementor-widget-container\">\n\t\t\t<style>\/*! elementor - v3.9.2 - 21-12-2022 *\/\n.elementor-widget-text-editor.elementor-drop-cap-view-stacked .elementor-drop-cap{background-color:#818a91;color:#fff}.elementor-widget-text-editor.elementor-drop-cap-view-framed .elementor-drop-cap{color:#818a91;border:3px solid;background-color:transparent}.elementor-widget-text-editor:not(.elementor-drop-cap-view-default) .elementor-drop-cap{margin-top:8px}.elementor-widget-text-editor:not(.elementor-drop-cap-view-default) .elementor-drop-cap-letter{width:1em;height:1em}.elementor-widget-text-editor .elementor-drop-cap{float:left;text-align:center;line-height:1;font-size:50px}.elementor-widget-text-editor .elementor-drop-cap-letter{display:inline-block}<\/style>\t\t\t\t<p lang=\"zxx\" style=\"margin-bottom: 0cm;\"><span style=\"font-family: Lucida Sans Unicode, sans-serif;\"><span style=\"font-size: 10pt;\">Mi\u0142o nam poinformowa\u0107, \u017ce zgodnia z nasz\u0105 misj\u0105 i w trosce o <b>najwy\u017csz\u0105 jako\u015b\u0107 us\u0142ug<\/b>, nasi <b>do\u015bwiadczeni lekarze<\/b> stosuj\u0105 materia\u0142y i sprz\u0119t renomowanych firm i sprawdzonych producent\u00f3w. Wszystkie prace protetyczne wykonujemy we wsp\u00f3\u0142pracy z <b>najlepszymi labolatoriami<\/b> protetycznymi, dzi\u0119ki czemu zagwarantowana jest <b>jako\u015b\u0107 i estetyka prac<\/b>. W ca\u0142ym procesie leczenia otaczamy naszych Pacjent\u00f3w opiek\u0105 i trosk\u0105, aby czuli si\u0119 maksymalnie komfortowo. Wszystkie procedury wykonujemy w <b>znieczuleniu<\/b>, kt\u00f3re dla naszych Pacjent\u00f3w jest zawsze <b>bezp\u0142atne<\/b>. Stawiamy na przejrzysto\u015b\u0107 i transparentno\u015b\u0107 &#8211; poni\u017cej przedstawiamy <b>pe\u0142ny cennik:<\/b><\/span><\/span><\/p><p lang=\"zxx\" style=\"margin-bottom: 0cm;\">\u00a0<\/p><p lang=\"zxx\" style=\"margin-bottom: 0cm;\">\u00a0<\/p>\t\t\t\t\t\t<\/div>\n\t\t\t\t<\/div>\n\t\t\t\t\t<\/div>\n\t\t<\/div>\n\t\t\t\t\t\t\t<\/div>\n\t\t<\/section>\n\t\t<div class=\"elementor-element elementor-element-bf76858 e-con-boxed e-con\" data-id=\"bf76858\" data-element_type=\"container\" data-settings=\"{&quot;content_width&quot;:&quot;boxed&quot;}\">\n\t\t\t\t\t<div class=\"e-con-inner\">\n\t\t\t\t<div class=\"elementor-element elementor-element-fa761e1 elementor-widget elementor-widget-image\" data-id=\"fa761e1\" data-element_type=\"widget\" data-widget_type=\"image.default\">\n\t\t\t\t<div class=\"elementor-widget-container\">\n\t\t\t<style>\/*! elementor - v3.9.2 - 21-12-2022 *\/\n.elementor-widget-image{text-align:center}.elementor-widget-image a{display:inline-block}.elementor-widget-image a img[src$=\".svg\"]{width:48px}.elementor-widget-image img{vertical-align:middle;display:inline-block}<\/style>\t\t\t\t\t\t\t\t\t\t\t\t<img width=\"724\" height=\"1024\" src=\"https:\/\/bialek-stomatologia.pl\/wp-content\/uploads\/2026\/02\/CENNIK-SZCZEGOLOWY-BIALEK_1-724x1024.jpg\" class=\"attachment-large size-large wp-image-639\" alt=\"\" loading=\"lazy\" srcset=\"https:\/\/bialek-stomatologia.pl\/wp-content\/uploads\/2026\/02\/CENNIK-SZCZEGOLOWY-BIALEK_1-724x1024.jpg 724w, https:\/\/bialek-stomatologia.pl\/wp-content\/uploads\/2026\/02\/CENNIK-SZCZEGOLOWY-BIALEK_1-212x300.jpg 212w, https:\/\/bialek-stomatologia.pl\/wp-content\/uploads\/2026\/02\/CENNIK-SZCZEGOLOWY-BIALEK_1-768x1086.jpg 768w, https:\/\/bialek-stomatologia.pl\/wp-content\/uploads\/2026\/02\/CENNIK-SZCZEGOLOWY-BIALEK_1-1086x1536.jpg 1086w, https:\/\/bialek-stomatologia.pl\/wp-content\/uploads\/2026\/02\/CENNIK-SZCZEGOLOWY-BIALEK_1-1448x2048.jpg 1448w, https:\/\/bialek-stomatologia.pl\/wp-content\/uploads\/2026\/02\/CENNIK-SZCZEGOLOWY-BIALEK_1-scaled.jpg 1811w\" sizes=\"(max-width: 724px) 100vw, 724px\" \/>\t\t\t\t\t\t\t\t\t\t\t\t\t\t\t<\/div>\n\t\t\t\t<\/div>\n\t\t\t\t\t<\/div>\n\t\t\t\t<\/div>\n\t\t<div class=\"elementor-element elementor-element-56eefa1 e-con-boxed e-con\" data-id=\"56eefa1\" data-element_type=\"container\" data-settings=\"{&quot;content_width&quot;:&quot;boxed&quot;}\">\n\t\t\t\t\t<div class=\"e-con-inner\">\n\t\t\t\t<div class=\"elementor-element elementor-element-27d0980 elementor-widget elementor-widget-image\" data-id=\"27d0980\" data-element_type=\"widget\" data-widget_type=\"image.default\">\n\t\t\t\t<div class=\"elementor-widget-container\">\n\t\t\t\t\t\t\t\t\t\t\t\t\t\t\t<img width=\"724\" height=\"1024\" src=\"https:\/\/bialek-stomatologia.pl\/wp-content\/uploads\/2026\/02\/CENNIK-SZCZEGOLOWY-BIALEK_2-724x1024.jpg\" class=\"attachment-large size-large wp-image-640\" alt=\"\" loading=\"lazy\" srcset=\"https:\/\/bialek-stomatologia.pl\/wp-content\/uploads\/2026\/02\/CENNIK-SZCZEGOLOWY-BIALEK_2-724x1024.jpg 724w, https:\/\/bialek-stomatologia.pl\/wp-content\/uploads\/2026\/02\/CENNIK-SZCZEGOLOWY-BIALEK_2-212x300.jpg 212w, https:\/\/bialek-stomatologia.pl\/wp-content\/uploads\/2026\/02\/CENNIK-SZCZEGOLOWY-BIALEK_2-768x1086.jpg 768w, https:\/\/bialek-stomatologia.pl\/wp-content\/uploads\/2026\/02\/CENNIK-SZCZEGOLOWY-BIALEK_2-1086x1536.jpg 1086w, https:\/\/bialek-stomatologia.pl\/wp-content\/uploads\/2026\/02\/CENNIK-SZCZEGOLOWY-BIALEK_2-1448x2048.jpg 1448w, https:\/\/bialek-stomatologia.pl\/wp-content\/uploads\/2026\/02\/CENNIK-SZCZEGOLOWY-BIALEK_2-scaled.jpg 1811w\" sizes=\"(max-width: 724px) 100vw, 724px\" \/>\t\t\t\t\t\t\t\t\t\t\t\t\t\t\t<\/div>\n\t\t\t\t<\/div>\n\t\t\t\t\t<\/div>\n\t\t\t\t<\/div>\n\t\t\t\t\t\t\t<\/div>\n\t\t","protected":false},"excerpt":{"rendered":"<p>Mi\u0142o nam poinformowa\u0107, \u017ce zgodnia z nasz\u0105 misj\u0105 i w trosce o najwy\u017csz\u0105 jako\u015b\u0107 us\u0142ug, nasi do\u015bwiadczeni lekarze stosuj\u0105 materia\u0142y i sprz\u0119t renomowanych firm i sprawdzonych producent\u00f3w. Wszystkie prace protetyczne wykonujemy we wsp\u00f3\u0142pracy z najlepszymi labolatoriami protetycznymi, dzi\u0119ki czemu zagwarantowana jest jako\u015b\u0107 i estetyka prac. W ca\u0142ym procesie leczenia otaczamy naszych Pacjent\u00f3w opiek\u0105 i trosk\u0105, &hellip; <\/p>\n<p class=\"link-more\"><a href=\"https:\/\/bialek-stomatologia.pl\/?page_id=69\" class=\"more-link\">Read More<span class=\"screen-reader-text\"> &#8222;Cennik&#8221;<\/span><\/a><\/p>\n","protected":false},"author":1,"featured_media":0,"parent":0,"menu_order":0,"comment_status":"closed","ping_status":"closed","template":"","meta":[],"_links":{"self":[{"href":"https:\/\/bialek-stomatologia.pl\/index.php?rest_route=\/wp\/v2\/pages\/69"}],"collection":[{"href":"https:\/\/bialek-stomatologia.pl\/index.php?rest_route=\/wp\/v2\/pages"}],"about":[{"href":"https:\/\/bialek-stomatologia.pl\/index.php?rest_route=\/wp\/v2\/types\/page"}],"author":[{"embeddable":true,"href":"https:\/\/bialek-stomatologia.pl\/index.php?rest_route=\/wp\/v2\/users\/1"}],"replies":[{"embeddable":true,"href":"https:\/\/bialek-stomatologia.pl\/index.php?rest_route=%2Fwp%2Fv2%2Fcomments&post=69"}],"version-history":[{"count":47,"href":"https:\/\/bialek-stomatologia.pl\/index.php?rest_route=\/wp\/v2\/pages\/69\/revisions"}],"predecessor-version":[{"id":643,"href":"https:\/\/bialek-stomatologia.pl\/index.php?rest_route=\/wp\/v2\/pages\/69\/revisions\/643"}],"wp:attachment":[{"href":"https:\/\/bialek-stomatologia.pl\/index.php?rest_route=%2Fwp%2Fv2%2Fmedia&parent=69"}],"curies":[{"name":"wp","href":"https:\/\/api.w.org\/{rel}","templated":true}]}}